{"id":988366,"date":"2024-05-16T13:47:27","date_gmt":"2024-05-16T17:47:27","guid":{"rendered":"https:\/\/impactproparts.com\/?page_id=988366"},"modified":"2024-05-29T14:55:22","modified_gmt":"2024-05-29T18:55:22","slug":"privacy-policy","status":"publish","type":"page","link":"https:\/\/impactproparts.com\/es\/privacy-policy\/","title":{"rendered":"Pol\u00edtica de privacidad"},"content":{"rendered":"<div data-elementor-type=\"wp-page\" data-elementor-id=\"988366\" class=\"elementor elementor-988366\" data-elementor-post-type=\"page\">\n\t\t\t\t<div class=\"elementor-element elementor-element-751d431 e-flex e-con-boxed e-con e-parent\" data-id=\"751d431\" data-element_type=\"container\" data-e-type=\"container\">\n\t\t\t\t\t<div class=\"e-con-inner\">\n\t\t<div class=\"elementor-element elementor-element-1d1ace5 e-con-full e-flex e-con e-child\" data-id=\"1d1ace5\" data-element_type=\"container\" data-e-type=\"container\">\n\t\t<div class=\"elementor-element elementor-element-05b994b elementor-hidden-phone e-con-full e-flex e-con e-child\" data-id=\"05b994b\" data-element_type=\"container\" data-e-type=\"container\">\n\t\t\t\t<\/div>\n\t\t<div class=\"elementor-element elementor-element-e6d3abf e-con-full e-flex e-con e-child\" data-id=\"e6d3abf\" data-element_type=\"container\" data-e-type=\"container\" data-settings=\"{&quot;background_background&quot;:&quot;classic&quot;}\">\n\t\t\t\t<div class=\"elementor-element elementor-element-419e354 elementor-widget elementor-widget-spacer\" data-id=\"419e354\" data-element_type=\"widget\" data-e-type=\"widget\" data-widget_type=\"spacer.default\">\n\t\t\t\t<div class=\"elementor-widget-container\">\n\t\t\t\t\t\t\t<div class=\"elementor-spacer\">\n\t\t\t<div class=\"elementor-spacer-inner\"><\/div>\n\t\t<\/div>\n\t\t\t\t\t\t<\/div>\n\t\t\t\t<\/div>\n\t\t\t\t<\/div>\n\t\t\t\t<\/div>\n\t\t\t\t\t<\/div>\n\t\t\t\t<\/div>\n\t\t<div class=\"elementor-element elementor-element-5eefd86 e-flex e-con-boxed e-con e-parent\" data-id=\"5eefd86\" data-element_type=\"container\" data-e-type=\"container\">\n\t\t\t\t\t<div class=\"e-con-inner\">\n\t\t<div class=\"elementor-element elementor-element-605a68b e-flex e-con-boxed e-con e-child\" data-id=\"605a68b\" data-element_type=\"container\" data-e-type=\"container\">\n\t\t\t\t\t<div class=\"e-con-inner\">\n\t\t<div class=\"elementor-element elementor-element-712c861 e-con-full e-flex e-con e-child\" data-id=\"712c861\" data-element_type=\"container\" data-e-type=\"container\" data-settings=\"{&quot;background_background&quot;:&quot;classic&quot;}\">\n\t\t\t\t<\/div>\n\t\t<div class=\"elementor-element elementor-element-4a8eee0 elementor-hidden-phone e-con-full e-flex e-con e-child\" data-id=\"4a8eee0\" data-element_type=\"container\" data-e-type=\"container\">\n\t\t\t\t<\/div>\n\t\t\t\t\t<\/div>\n\t\t\t\t<\/div>\n\t\t\t\t\t<\/div>\n\t\t\t\t<\/div>\n\t\t<div class=\"elementor-element elementor-element-fde8e78 e-flex e-con-boxed e-con e-parent\" data-id=\"fde8e78\" data-element_type=\"container\" data-e-type=\"container\">\n\t\t\t\t\t<div class=\"e-con-inner\">\n\t\t\t\t<div class=\"elementor-element elementor-element-2560be0 elementor-widget elementor-widget-text-editor\" data-id=\"2560be0\" data-element_type=\"widget\" data-e-type=\"widget\" data-widget_type=\"text-editor.default\">\n\t\t\t\t<div class=\"elementor-widget-container\">\n\t\t\t\t\t\t\t\t\t<p>Su privacidad es importante para nosotros. Para proteger mejor su privacidad, le proporcionamos este aviso explicando nuestras pr\u00e1cticas de informaci\u00f3n en l\u00ednea y las opciones que puede elegir sobre la forma en que su informaci\u00f3n es recopilada y utilizada. Para que sea f\u00e1cil encontrar este aviso, lo ponemos a su disposici\u00f3n en nuestra p\u00e1gina de inicio y en todos los puntos en los que se solicite informaci\u00f3n personal identificable.<\/p><h3>La informaci\u00f3n que recopilamos<\/h3><p>Este aviso se aplica a toda la informaci\u00f3n recopilada o enviada en el sitio web de Impact Pro Parts Inc. Los tipos de informaci\u00f3n personal recopilada en estas p\u00e1ginas son:<br \/>Nombre<br \/>Direcci\u00f3n<br \/>Direcci\u00f3n de correo electr\u00f3nico<br \/>N\u00famero de tel\u00e9fono.<\/p><h3>C\u00f3mo utilizamos la informaci\u00f3n<\/h3><p>Utilizamos las direcciones de correo electr\u00f3nico de retorno para responder al correo electr\u00f3nico que recibimos. Dichas direcciones no se utilizan para ning\u00fan otro fin y no se comparten con terceros.<\/p><p>Utilizamos informaci\u00f3n no identificativa y agregada para dise\u00f1ar mejor nuestro sitio web y compartirla con los anunciantes. Por ejemplo, podemos informar a un anunciante de que un n\u00famero X de personas visitaron una determinada zona de nuestro sitio web, pero no revelar\u00edamos nada que pudiera utilizarse para identificar a esas personas.<\/p><p>Podemos divulgar informaci\u00f3n personal cuando as\u00ed lo exija la ley (por ejemplo, una citaci\u00f3n judicial) o la normativa o lo solicite una agencia gubernamental.<\/p><p>Por \u00faltimo, nunca utilizamos ni compartimos los datos personales que se nos facilitan en l\u00ednea de formas no relacionadas con las descritas anteriormente sin ofrecerle tambi\u00e9n la oportunidad de excluirse o prohibir de otro modo dichos usos no relacionados. Nunca vendemos ni alquilamos su informaci\u00f3n personal.<\/p><h3>Nuestro compromiso con la seguridad de los datos<\/h3><p>Para evitar el acceso no autorizado, mantener la exactitud de los datos y garantizar el uso correcto de la informaci\u00f3n, hemos establecido procedimientos f\u00edsicos, electr\u00f3nicos y de gesti\u00f3n adecuados para salvaguardar y proteger la informaci\u00f3n que recopilamos en l\u00ednea. Utilizamos el cifrado SSL (Secure Sockets Layer) cuando recopilamos o transferimos informaci\u00f3n confidencial, como datos de tarjetas de cr\u00e9dito. El cifrado SSL est\u00e1 dise\u00f1ado para hacer que la informaci\u00f3n sea ilegible para cualquiera que no seamos nosotros. Esta medida de seguridad funciona cuando ve el s\u00edmbolo de una llave intacta o un candado cerrado (dependiendo de su navegador) en la barra de direcciones de la ventana del navegador.<\/p><p>\u00a0<\/p><h3>Sitios web de terceros<\/h3><p>Nuestro sitio web puede proporcionar enlaces a sitios web de terceros para su comodidad e informaci\u00f3n. Si accede a esos enlaces, abandonar\u00e1 nuestro sitio web. No controlamos esos sitios ni sus pr\u00e1cticas de privacidad, que pueden diferir de las nuestras. No respaldamos ni hacemos ninguna declaraci\u00f3n sobre los sitios web de terceros. Los datos personales que usted decida proporcionar a estos terceros o que sean recogidos por ellos no est\u00e1n cubiertos por nuestro Aviso de privacidad. Le recomendamos que revise la pol\u00edtica de privacidad de cualquier empresa antes de enviar sus datos personales.<\/p><h3>Seguimiento inform\u00e1tico y cookies<\/h3><p>Nuestro sitio web no est\u00e1 configurado para rastrear, recopilar o distribuir informaci\u00f3n personal no introducida por los visitantes. Los registros de nuestro sitio s\u00ed generan ciertos tipos de datos de uso del sitio no identificativos, como el n\u00famero de accesos y visitas a nuestros sitios. Esta informaci\u00f3n es utilizada con fines internos por el personal de soporte t\u00e9cnico para ofrecer mejores servicios al p\u00fablico y tambi\u00e9n puede ser facilitada a terceros, pero, de nuevo, las estad\u00edsticas no contienen informaci\u00f3n personal y no pueden ser utilizadas para recabar dicha informaci\u00f3n.<\/p><p>Una cookie es una peque\u00f1a cantidad de datos que se env\u00eda a su navegador desde un servidor web y se almacena en el disco duro de su ordenador. Utilizamos cookies no identificativas para facilitar la navegaci\u00f3n por el sitio y el acceso a los formularios. Puede seguir utilizando nuestros sitios si su navegador est\u00e1 configurado para rechazar las cookies. Nuestras cookies no generan datos personales, no leen datos personales de su m\u00e1quina y nunca est\u00e1n vinculadas a nada que pueda utilizarse para identificarle.<\/p><h3>C\u00f3mo acceder a su informaci\u00f3n o corregirla<\/h3><p>Puede acceder a toda la informaci\u00f3n personal que recopilamos sobre usted. Utilizamos este procedimiento para salvaguardar mejor su informaci\u00f3n.<\/p><p>Puede corregir errores de hecho en su informaci\u00f3n de identificaci\u00f3n personal envi\u00e1ndonos una solicitud que muestre el error de forma cre\u00edble.<\/p><p>Para proteger su privacidad y seguridad, tambi\u00e9n tomaremos medidas razonables para verificar su identidad antes de concederle acceso o hacer correcciones.<\/p><h3>C\u00f3mo acceder a su informaci\u00f3n o corregirla<\/h3><p>Si tiene alguna otra pregunta o duda sobre estas pol\u00edticas de privacidad, p\u00f3ngase en contacto con nosotros en el <a href=\"tel:+15406622770.\">1-800-754-5040<\/a>.<\/p>\t\t\t\t\t\t\t\t<\/div>\n\t\t\t\t<\/div>\n\t\t\t\t\t<\/div>\n\t\t\t\t<\/div>\n\t\t\t\t<\/div>","protected":false},"excerpt":{"rendered":"<p>Your privacy is important to us. To better protect your privacy we provide this notice explaining our online information practices and the choices you can make about the way your information is collected and used. To make this notice easy to find, we make it available on our homepage and at every point where personally&#8230;<\/p>","protected":false},"author":2,"featured_media":0,"parent":0,"menu_order":0,"comment_status":"closed","ping_status":"closed","template":"","meta":{"footnotes":""},"class_list":["post-988366","page","type-page","status-publish","hentry"],"yoast_head":"<!-- This site is optimized with the Yoast SEO plugin v27.5 - https:\/\/yoast.com\/product\/yoast-seo-wordpress\/ -->\n<title>Privacy Policy | Impact Pro Parts Inc.<\/title>\n<meta name=\"robots\" content=\"index, follow, max-snippet:-1, max-image-preview:large, max-video-preview:-1\" \/>\n<link rel=\"canonical\" href=\"https:\/\/impactproparts.com\/es\/privacy-policy\/\" \/>\n<meta property=\"og:locale\" content=\"es_MX\" \/>\n<meta property=\"og:type\" content=\"article\" \/>\n<meta property=\"og:title\" content=\"Privacy Policy | Impact Pro Parts Inc.\" \/>\n<meta property=\"og:description\" content=\"Your privacy is important to us. To better protect your privacy we provide this notice explaining our online information practices and the choices you can make about the way your information is collected and used. To make this notice easy to find, we make it available on our homepage and at every point where personally...\" \/>\n<meta property=\"og:url\" content=\"https:\/\/impactproparts.com\/es\/privacy-policy\/\" \/>\n<meta property=\"og:site_name\" content=\"Impact Pro Parts Inc.\" \/>\n<meta property=\"article:publisher\" content=\"https:\/\/www.facebook.com\/ImpactProParts\/\" \/>\n<meta property=\"article:modified_time\" content=\"2024-05-29T18:55:22+00:00\" \/>\n<meta name=\"twitter:card\" content=\"summary_large_image\" \/>\n<meta name=\"twitter:label1\" content=\"Tiempo de lectura\" \/>\n\t<meta name=\"twitter:data1\" content=\"4 minutos\" \/>\n<script type=\"application\/ld+json\" class=\"yoast-schema-graph\">{\"@context\":\"https:\\\/\\\/schema.org\",\"@graph\":[{\"@type\":\"WebPage\",\"@id\":\"https:\\\/\\\/impactproparts.com\\\/privacy-policy\\\/\",\"url\":\"https:\\\/\\\/impactproparts.com\\\/privacy-policy\\\/\",\"name\":\"Privacy Policy | Impact Pro Parts Inc.\",\"isPartOf\":{\"@id\":\"https:\\\/\\\/impactproparts.com\\\/#website\"},\"datePublished\":\"2024-05-16T17:47:27+00:00\",\"dateModified\":\"2024-05-29T18:55:22+00:00\",\"breadcrumb\":{\"@id\":\"https:\\\/\\\/impactproparts.com\\\/privacy-policy\\\/#breadcrumb\"},\"inLanguage\":\"es\",\"potentialAction\":[{\"@type\":\"ReadAction\",\"target\":[\"https:\\\/\\\/impactproparts.com\\\/privacy-policy\\\/\"]}]},{\"@type\":\"BreadcrumbList\",\"@id\":\"https:\\\/\\\/impactproparts.com\\\/privacy-policy\\\/#breadcrumb\",\"itemListElement\":[{\"@type\":\"ListItem\",\"position\":1,\"name\":\"Home\",\"item\":\"https:\\\/\\\/impactproparts.com\\\/\"},{\"@type\":\"ListItem\",\"position\":2,\"name\":\"Privacy Policy\"}]},{\"@type\":\"WebSite\",\"@id\":\"https:\\\/\\\/impactproparts.com\\\/#website\",\"url\":\"https:\\\/\\\/impactproparts.com\\\/\",\"name\":\"Impact Pro Parts Inc.\",\"description\":\"\",\"publisher\":{\"@id\":\"https:\\\/\\\/impactproparts.com\\\/#organization\"},\"potentialAction\":[{\"@type\":\"SearchAction\",\"target\":{\"@type\":\"EntryPoint\",\"urlTemplate\":\"https:\\\/\\\/impactproparts.com\\\/?s={search_term_string}\"},\"query-input\":{\"@type\":\"PropertyValueSpecification\",\"valueRequired\":true,\"valueName\":\"search_term_string\"}}],\"inLanguage\":\"es\"},{\"@type\":\"Organization\",\"@id\":\"https:\\\/\\\/impactproparts.com\\\/#organization\",\"name\":\"Impact Pro Parts Inc.\",\"url\":\"https:\\\/\\\/impactproparts.com\\\/\",\"logo\":{\"@type\":\"ImageObject\",\"inLanguage\":\"es\",\"@id\":\"https:\\\/\\\/impactproparts.com\\\/#\\\/schema\\\/logo\\\/image\\\/\",\"url\":\"https:\\\/\\\/impactproparts.com\\\/wp-content\\\/uploads\\\/2023\\\/10\\\/ImpactProLogo-nonumber.svg\",\"contentUrl\":\"https:\\\/\\\/impactproparts.com\\\/wp-content\\\/uploads\\\/2023\\\/10\\\/ImpactProLogo-nonumber.svg\",\"width\":1550,\"height\":443,\"caption\":\"Impact Pro Parts Inc.\"},\"image\":{\"@id\":\"https:\\\/\\\/impactproparts.com\\\/#\\\/schema\\\/logo\\\/image\\\/\"},\"sameAs\":[\"https:\\\/\\\/www.facebook.com\\\/ImpactProParts\\\/\"]}]}<\/script>\n<!-- \/ Yoast SEO plugin. -->","yoast_head_json":{"title":"Privacy Policy | Impact Pro Parts Inc.","robots":{"index":"index","follow":"follow","max-snippet":"max-snippet:-1","max-image-preview":"max-image-preview:large","max-video-preview":"max-video-preview:-1"},"canonical":"https:\/\/impactproparts.com\/es\/privacy-policy\/","og_locale":"es_MX","og_type":"article","og_title":"Privacy Policy | Impact Pro Parts Inc.","og_description":"Your privacy is important to us. To better protect your privacy we provide this notice explaining our online information practices and the choices you can make about the way your information is collected and used. To make this notice easy to find, we make it available on our homepage and at every point where personally...","og_url":"https:\/\/impactproparts.com\/es\/privacy-policy\/","og_site_name":"Impact Pro Parts Inc.","article_publisher":"https:\/\/www.facebook.com\/ImpactProParts\/","article_modified_time":"2024-05-29T18:55:22+00:00","twitter_card":"summary_large_image","twitter_misc":{"Tiempo de lectura":"4 minutos"},"schema":{"@context":"https:\/\/schema.org","@graph":[{"@type":"WebPage","@id":"https:\/\/impactproparts.com\/privacy-policy\/","url":"https:\/\/impactproparts.com\/privacy-policy\/","name":"Privacy Policy | Impact Pro Parts Inc.","isPartOf":{"@id":"https:\/\/impactproparts.com\/#website"},"datePublished":"2024-05-16T17:47:27+00:00","dateModified":"2024-05-29T18:55:22+00:00","breadcrumb":{"@id":"https:\/\/impactproparts.com\/privacy-policy\/#breadcrumb"},"inLanguage":"es","potentialAction":[{"@type":"ReadAction","target":["https:\/\/impactproparts.com\/privacy-policy\/"]}]},{"@type":"BreadcrumbList","@id":"https:\/\/impactproparts.com\/privacy-policy\/#breadcrumb","itemListElement":[{"@type":"ListItem","position":1,"name":"Home","item":"https:\/\/impactproparts.com\/"},{"@type":"ListItem","position":2,"name":"Privacy Policy"}]},{"@type":"WebSite","@id":"https:\/\/impactproparts.com\/#website","url":"https:\/\/impactproparts.com\/","name":"Impact Pro Parts Inc.","description":"","publisher":{"@id":"https:\/\/impactproparts.com\/#organization"},"potentialAction":[{"@type":"SearchAction","target":{"@type":"EntryPoint","urlTemplate":"https:\/\/impactproparts.com\/?s={search_term_string}"},"query-input":{"@type":"PropertyValueSpecification","valueRequired":true,"valueName":"search_term_string"}}],"inLanguage":"es"},{"@type":"Organization","@id":"https:\/\/impactproparts.com\/#organization","name":"Impact Pro Parts Inc.","url":"https:\/\/impactproparts.com\/","logo":{"@type":"ImageObject","inLanguage":"es","@id":"https:\/\/impactproparts.com\/#\/schema\/logo\/image\/","url":"https:\/\/impactproparts.com\/wp-content\/uploads\/2023\/10\/ImpactProLogo-nonumber.svg","contentUrl":"https:\/\/impactproparts.com\/wp-content\/uploads\/2023\/10\/ImpactProLogo-nonumber.svg","width":1550,"height":443,"caption":"Impact Pro Parts Inc."},"image":{"@id":"https:\/\/impactproparts.com\/#\/schema\/logo\/image\/"},"sameAs":["https:\/\/www.facebook.com\/ImpactProParts\/"]}]}},"_links":{"self":[{"href":"https:\/\/impactproparts.com\/es\/wp-json\/wp\/v2\/pages\/988366","targetHints":{"allow":["GET"]}}],"collection":[{"href":"https:\/\/impactproparts.com\/es\/wp-json\/wp\/v2\/pages"}],"about":[{"href":"https:\/\/impactproparts.com\/es\/wp-json\/wp\/v2\/types\/page"}],"author":[{"embeddable":true,"href":"https:\/\/impactproparts.com\/es\/wp-json\/wp\/v2\/users\/2"}],"replies":[{"embeddable":true,"href":"https:\/\/impactproparts.com\/es\/wp-json\/wp\/v2\/comments?post=988366"}],"version-history":[{"count":5,"href":"https:\/\/impactproparts.com\/es\/wp-json\/wp\/v2\/pages\/988366\/revisions"}],"predecessor-version":[{"id":988400,"href":"https:\/\/impactproparts.com\/es\/wp-json\/wp\/v2\/pages\/988366\/revisions\/988400"}],"wp:attachment":[{"href":"https:\/\/impactproparts.com\/es\/wp-json\/wp\/v2\/media?parent=988366"}],"curies":[{"name":"wp","href":"https:\/\/api.w.org\/{rel}","templated":true}]}}